{"id":5275,"date":"2024-10-13T21:20:24","date_gmt":"2024-10-13T19:20:24","guid":{"rendered":"https:\/\/illumina-weddings.com\/?page_id=5275"},"modified":"2024-10-13T21:23:41","modified_gmt":"2024-10-13T19:23:41","slug":"anastasia-nicolas-4","status":"publish","type":"page","link":"https:\/\/illumina-weddings.com\/en\/anastasia-nicolas-4\/","title":{"rendered":"Julia &#038; Lars"},"content":{"rendered":"<div data-elementor-type=\"wp-page\" data-elementor-id=\"5275\" class=\"elementor elementor-5275\" data-elementor-post-type=\"page\">\n\t\t\t\t<div class=\"elementor-element elementor-element-670ba33 e-flex e-con-boxed e-con e-parent\" data-id=\"670ba33\" data-element_type=\"container\" data-e-type=\"container\">\n\t\t\t\t\t<div class=\"e-con-inner\">\n\t\t\t\t<div class=\"elementor-element elementor-element-225f303 elementor-widget elementor-widget-heading\" data-id=\"225f303\" data-element_type=\"widget\" data-e-type=\"widget\" data-widget_type=\"heading.default\">\n\t\t\t\t<div class=\"elementor-widget-container\">\n\t\t\t\t\t<h2 class=\"elementor-heading-title elementor-size-default\">Julia &amp; Lars<\/h2>\t\t\t\t<\/div>\n\t\t\t\t<\/div>\n\t\t\t\t\t<\/div>\n\t\t\t\t<\/div>\n\t\t<div class=\"elementor-element elementor-element-60511b5 e-flex e-con-boxed e-con e-parent\" data-id=\"60511b5\" data-element_type=\"container\" data-e-type=\"container\">\n\t\t\t\t\t<div class=\"e-con-inner\">\n\t\t\t\t<div class=\"elementor-element elementor-element-6a7be7c elementor-widget elementor-widget-heading\" data-id=\"6a7be7c\" data-element_type=\"widget\" data-e-type=\"widget\" data-widget_type=\"heading.default\">\n\t\t\t\t<div class=\"elementor-widget-container\">\n\t\t\t\t\t<h2 class=\"elementor-heading-title elementor-size-default\">Photos: Kenan Egin<\/h2>\t\t\t\t<\/div>\n\t\t\t\t<\/div>\n\t\t\t\t\t<\/div>\n\t\t\t\t<\/div>\n\t\t<div class=\"elementor-element elementor-element-287c585 e-flex e-con-boxed e-con e-parent\" data-id=\"287c585\" data-element_type=\"container\" data-e-type=\"container\">\n\t\t\t\t\t<div class=\"e-con-inner\">\n\t\t<div class=\"elementor-element elementor-element-ee2b90b e-con-full e-flex e-con e-child\" data-id=\"ee2b90b\" data-element_type=\"container\" data-e-type=\"container\">\n\t\t\t\t<div class=\"elementor-element elementor-element-290f55d elementor-widget elementor-widget-image\" data-id=\"290f55d\" data-element_type=\"widget\" data-e-type=\"widget\" data-widget_type=\"image.default\">\n\t\t\t\t<div class=\"elementor-widget-container\">\n\t\t\t\t\t\t\t\t\t\t\t\t\t\t\t<img fetchpriority=\"high\" decoding=\"async\" width=\"683\" height=\"1024\" src=\"https:\/\/illumina-weddings.com\/wp-content\/uploads\/2024\/10\/Heiraten-in-Italien_-683x1024.webp\" class=\"attachment-large size-large wp-image-4839\" alt=\"Die Braut in einem flie\u00dfenden wei\u00dfen Hochzeitskleid mit Blumen in der Hand steht im Freien neben gestapelten Sektgl\u00e4sern - ein eleganter Moment, der von einem Hochzeitsplaner in der romantischen Umgebung von Apulien, Italien, geschaffen wurde.\" srcset=\"https:\/\/illumina-weddings.com\/wp-content\/uploads\/2024\/10\/Heiraten-in-Italien_-683x1024.webp 683w, https:\/\/illumina-weddings.com\/wp-content\/uploads\/2024\/10\/Heiraten-in-Italien_-200x300.webp 200w, https:\/\/illumina-weddings.com\/wp-content\/uploads\/2024\/10\/Heiraten-in-Italien_-768x1152.webp 768w, https:\/\/illumina-weddings.com\/wp-content\/uploads\/2024\/10\/Heiraten-in-Italien_-8x12.webp 8w, https:\/\/illumina-weddings.com\/wp-content\/uploads\/2024\/10\/Heiraten-in-Italien_.webp 1024w\" sizes=\"(max-width: 683px) 100vw, 683px\" \/>\t\t\t\t\t\t\t\t\t\t\t\t\t\t\t<\/div>\n\t\t\t\t<\/div>\n\t\t\t\t<\/div>\n\t\t<div class=\"elementor-element elementor-element-086e859 e-con-full e-flex e-con e-child\" data-id=\"086e859\" data-element_type=\"container\" data-e-type=\"container\">\n\t\t\t\t<div class=\"elementor-element elementor-element-2febc54 elementor-widget elementor-widget-image\" data-id=\"2febc54\" data-element_type=\"widget\" data-e-type=\"widget\" data-widget_type=\"image.default\">\n\t\t\t\t<div class=\"elementor-widget-container\">\n\t\t\t\t\t\t\t\t\t\t\t\t\t\t\t<img decoding=\"async\" width=\"682\" height=\"1024\" src=\"https:\/\/illumina-weddings.com\/wp-content\/uploads\/2024\/10\/Hochzeit-Toskana-682x1024.webp\" class=\"attachment-large size-large wp-image-4837\" alt=\"Braut und Br\u00e4utigam umarmen sich im Freien vor steinernen B\u00f6gen, w\u00e4hrend sie ihre Reiseziel-Hochzeit in Italien feiern, mit einem Tisch und Champagnergl\u00e4sern hinter ihnen. Aufgenommen von Julia Wei\u00df.\" srcset=\"https:\/\/illumina-weddings.com\/wp-content\/uploads\/2024\/10\/Hochzeit-Toskana-682x1024.webp 682w, https:\/\/illumina-weddings.com\/wp-content\/uploads\/2024\/10\/Hochzeit-Toskana-200x300.webp 200w, https:\/\/illumina-weddings.com\/wp-content\/uploads\/2024\/10\/Hochzeit-Toskana-768x1153.webp 768w, https:\/\/illumina-weddings.com\/wp-content\/uploads\/2024\/10\/Hochzeit-Toskana-8x12.webp 8w, https:\/\/illumina-weddings.com\/wp-content\/uploads\/2024\/10\/Hochzeit-Toskana.webp 1024w\" sizes=\"(max-width: 682px) 100vw, 682px\" \/>\t\t\t\t\t\t\t\t\t\t\t\t\t\t\t<\/div>\n\t\t\t\t<\/div>\n\t\t\t\t<\/div>\n\t\t\t\t\t<\/div>\n\t\t\t\t<\/div>\n\t\t<div class=\"elementor-element elementor-element-c77eafd e-flex e-con-boxed e-con e-parent\" data-id=\"c77eafd\" data-element_type=\"container\" data-e-type=\"container\">\n\t\t\t\t\t<div class=\"e-con-inner\">\n\t\t<div class=\"elementor-element elementor-element-8d05b18 e-con-full e-flex e-con e-child\" data-id=\"8d05b18\" data-element_type=\"container\" data-e-type=\"container\">\n\t\t\t\t<div class=\"elementor-element elementor-element-30664cf elementor-widget elementor-widget-image\" data-id=\"30664cf\" data-element_type=\"widget\" data-e-type=\"widget\" data-widget_type=\"image.default\">\n\t\t\t\t<div class=\"elementor-widget-container\">\n\t\t\t\t\t\t\t\t\t\t\t\t\t\t\t<img decoding=\"async\" width=\"683\" height=\"1024\" src=\"https:\/\/illumina-weddings.com\/wp-content\/uploads\/2024\/10\/Heiraten-am-Meer-683x1024.webp\" class=\"attachment-large size-large wp-image-4830\" alt=\"Eine Frau in einem flie\u00dfenden wei\u00dfen Hochzeitskleid steht vor einem geschm\u00fcckten Tisch im Freien mit Kronleuchtern dar\u00fcber und f\u00e4ngt die Eleganz einer italienischen Reiseziel-Hochzeit im sch\u00f6nen Apulien ein.\" srcset=\"https:\/\/illumina-weddings.com\/wp-content\/uploads\/2024\/10\/Heiraten-am-Meer-683x1024.webp 683w, https:\/\/illumina-weddings.com\/wp-content\/uploads\/2024\/10\/Heiraten-am-Meer-200x300.webp 200w, https:\/\/illumina-weddings.com\/wp-content\/uploads\/2024\/10\/Heiraten-am-Meer-768x1152.webp 768w, https:\/\/illumina-weddings.com\/wp-content\/uploads\/2024\/10\/Heiraten-am-Meer-8x12.webp 8w, https:\/\/illumina-weddings.com\/wp-content\/uploads\/2024\/10\/Heiraten-am-Meer.webp 1024w\" sizes=\"(max-width: 683px) 100vw, 683px\" \/>\t\t\t\t\t\t\t\t\t\t\t\t\t\t\t<\/div>\n\t\t\t\t<\/div>\n\t\t\t\t<\/div>\n\t\t<div class=\"elementor-element elementor-element-dae23cc e-con-full e-flex e-con e-child\" data-id=\"dae23cc\" data-element_type=\"container\" data-e-type=\"container\">\n\t\t\t\t<div class=\"elementor-element elementor-element-2afe798 elementor-widget elementor-widget-image\" data-id=\"2afe798\" data-element_type=\"widget\" data-e-type=\"widget\" data-widget_type=\"image.default\">\n\t\t\t\t<div class=\"elementor-widget-container\">\n\t\t\t\t\t\t\t\t\t\t\t\t\t\t\t<img loading=\"lazy\" decoding=\"async\" width=\"683\" height=\"1024\" src=\"https:\/\/illumina-weddings.com\/wp-content\/uploads\/2024\/10\/Hochzeitsplaner-Italien-3-683x1024.webp\" class=\"attachment-large size-large wp-image-4833\" alt=\"Eine l\u00e4chelnde Braut in einem wei\u00dfen Kleid sitzt auf einer Steintreppe in Apulien, h\u00e4lt ein Sektglas in der Hand und lacht. Ihre Freude spiegelt die nachdenkliche Note von Hochzeitsplaner Julia Wei\u00df wider.\" srcset=\"https:\/\/illumina-weddings.com\/wp-content\/uploads\/2024\/10\/Hochzeitsplaner-Italien-3-683x1024.webp 683w, https:\/\/illumina-weddings.com\/wp-content\/uploads\/2024\/10\/Hochzeitsplaner-Italien-3-200x300.webp 200w, https:\/\/illumina-weddings.com\/wp-content\/uploads\/2024\/10\/Hochzeitsplaner-Italien-3-768x1152.webp 768w, https:\/\/illumina-weddings.com\/wp-content\/uploads\/2024\/10\/Hochzeitsplaner-Italien-3-8x12.webp 8w, https:\/\/illumina-weddings.com\/wp-content\/uploads\/2024\/10\/Hochzeitsplaner-Italien-3.webp 1024w\" sizes=\"(max-width: 683px) 100vw, 683px\" \/>\t\t\t\t\t\t\t\t\t\t\t\t\t\t\t<\/div>\n\t\t\t\t<\/div>\n\t\t\t\t<\/div>\n\t\t\t\t\t<\/div>\n\t\t\t\t<\/div>\n\t\t<div class=\"elementor-element elementor-element-7ab74f7 e-flex e-con-boxed e-con e-parent\" data-id=\"7ab74f7\" data-element_type=\"container\" data-e-type=\"container\">\n\t\t\t\t\t<div class=\"e-con-inner\">\n\t\t<div class=\"elementor-element elementor-element-2fe4b98 e-con-full e-flex e-con e-child\" data-id=\"2fe4b98\" data-element_type=\"container\" data-e-type=\"container\">\n\t\t\t\t<div class=\"elementor-element elementor-element-fb308d5 elementor-widget elementor-widget-image\" data-id=\"fb308d5\" data-element_type=\"widget\" data-e-type=\"widget\" data-widget_type=\"image.default\">\n\t\t\t\t<div class=\"elementor-widget-container\">\n\t\t\t\t\t\t\t\t\t\t\t\t\t\t\t<img loading=\"lazy\" decoding=\"async\" width=\"683\" height=\"1024\" src=\"https:\/\/illumina-weddings.com\/wp-content\/uploads\/2024\/10\/Hochzeit-Comer-See-683x1024.webp\" class=\"attachment-large size-large wp-image-4841\" alt=\"Braut und Br\u00e4utigam posieren an einem eleganten, mit Blumen und Kerzen gedeckten Tisch im Freien unter h\u00e4ngenden Kronleuchtern und fangen so den romantischen Charme einer Hochzeit am Comer See in Italien ein.\" srcset=\"https:\/\/illumina-weddings.com\/wp-content\/uploads\/2024\/10\/Hochzeit-Comer-See-683x1024.webp 683w, https:\/\/illumina-weddings.com\/wp-content\/uploads\/2024\/10\/Hochzeit-Comer-See-200x300.webp 200w, https:\/\/illumina-weddings.com\/wp-content\/uploads\/2024\/10\/Hochzeit-Comer-See-768x1152.webp 768w, https:\/\/illumina-weddings.com\/wp-content\/uploads\/2024\/10\/Hochzeit-Comer-See-8x12.webp 8w, https:\/\/illumina-weddings.com\/wp-content\/uploads\/2024\/10\/Hochzeit-Comer-See.webp 1024w\" sizes=\"(max-width: 683px) 100vw, 683px\" \/>\t\t\t\t\t\t\t\t\t\t\t\t\t\t\t<\/div>\n\t\t\t\t<\/div>\n\t\t\t\t<\/div>\n\t\t<div class=\"elementor-element elementor-element-83f3cea e-con-full e-flex e-con e-child\" data-id=\"83f3cea\" data-element_type=\"container\" data-e-type=\"container\">\n\t\t\t\t<div class=\"elementor-element elementor-element-a5dcabb elementor-widget elementor-widget-image\" data-id=\"a5dcabb\" data-element_type=\"widget\" data-e-type=\"widget\" data-widget_type=\"image.default\">\n\t\t\t\t<div class=\"elementor-widget-container\">\n\t\t\t\t\t\t\t\t\t\t\t\t\t\t\t<img loading=\"lazy\" decoding=\"async\" width=\"683\" height=\"1024\" src=\"https:\/\/illumina-weddings.com\/wp-content\/uploads\/2024\/10\/Italien_Hochzeit-2-683x1024.webp\" class=\"attachment-large size-large wp-image-4831\" alt=\"Eine Hand h\u00e4lt einen Strau\u00df zartrosa Rosen, die mit einem langen, zartrosa Band gebunden sind - die perfekte Inspiration f\u00fcr alle Hochzeitsplaner, die von einer romantischen Feier am Comer See tr\u00e4umen.\" srcset=\"https:\/\/illumina-weddings.com\/wp-content\/uploads\/2024\/10\/Italien_Hochzeit-2-683x1024.webp 683w, https:\/\/illumina-weddings.com\/wp-content\/uploads\/2024\/10\/Italien_Hochzeit-2-200x300.webp 200w, https:\/\/illumina-weddings.com\/wp-content\/uploads\/2024\/10\/Italien_Hochzeit-2-768x1152.webp 768w, https:\/\/illumina-weddings.com\/wp-content\/uploads\/2024\/10\/Italien_Hochzeit-2-8x12.webp 8w, https:\/\/illumina-weddings.com\/wp-content\/uploads\/2024\/10\/Italien_Hochzeit-2.webp 1024w\" sizes=\"(max-width: 683px) 100vw, 683px\" \/>\t\t\t\t\t\t\t\t\t\t\t\t\t\t\t<\/div>\n\t\t\t\t<\/div>\n\t\t\t\t<\/div>\n\t\t\t\t\t<\/div>\n\t\t\t\t<\/div>\n\t\t<div class=\"elementor-element elementor-element-5415fef e-flex e-con-boxed e-con e-parent\" data-id=\"5415fef\" data-element_type=\"container\" data-e-type=\"container\">\n\t\t\t\t\t<div class=\"e-con-inner\">\n\t\t<div class=\"elementor-element elementor-element-88a4372 e-con-full e-flex e-con e-child\" data-id=\"88a4372\" data-element_type=\"container\" data-e-type=\"container\">\n\t\t\t\t<div class=\"elementor-element elementor-element-8c7b9aa elementor-widget elementor-widget-image\" data-id=\"8c7b9aa\" data-element_type=\"widget\" data-e-type=\"widget\" data-widget_type=\"image.default\">\n\t\t\t\t<div class=\"elementor-widget-container\">\n\t\t\t\t\t\t\t\t\t\t\t\t\t\t\t<img loading=\"lazy\" decoding=\"async\" width=\"683\" height=\"1024\" src=\"https:\/\/illumina-weddings.com\/wp-content\/uploads\/2024\/10\/Comer-See-Hochzeit-2-683x1024.webp\" class=\"attachment-large size-large wp-image-4834\" alt=\"Braut und Br\u00e4utigam feiern ihre Zielgebietshochzeit im Freien am Comer See und gie\u00dfen Champagner in Gl\u00e4ser an einem Springbrunnen mit alten B\u00f6gen.\" srcset=\"https:\/\/illumina-weddings.com\/wp-content\/uploads\/2024\/10\/Comer-See-Hochzeit-2-683x1024.webp 683w, https:\/\/illumina-weddings.com\/wp-content\/uploads\/2024\/10\/Comer-See-Hochzeit-2-200x300.webp 200w, https:\/\/illumina-weddings.com\/wp-content\/uploads\/2024\/10\/Comer-See-Hochzeit-2-768x1152.webp 768w, https:\/\/illumina-weddings.com\/wp-content\/uploads\/2024\/10\/Comer-See-Hochzeit-2-8x12.webp 8w, https:\/\/illumina-weddings.com\/wp-content\/uploads\/2024\/10\/Comer-See-Hochzeit-2.webp 1024w\" sizes=\"(max-width: 683px) 100vw, 683px\" \/>\t\t\t\t\t\t\t\t\t\t\t\t\t\t\t<\/div>\n\t\t\t\t<\/div>\n\t\t\t\t<\/div>\n\t\t<div class=\"elementor-element elementor-element-85f31f0 e-con-full e-flex e-con e-child\" data-id=\"85f31f0\" data-element_type=\"container\" data-e-type=\"container\">\n\t\t\t\t<div class=\"elementor-element elementor-element-6718bed elementor-widget elementor-widget-image\" data-id=\"6718bed\" data-element_type=\"widget\" data-e-type=\"widget\" data-widget_type=\"image.default\">\n\t\t\t\t<div class=\"elementor-widget-container\">\n\t\t\t\t\t\t\t\t\t\t\t\t\t\t\t<img loading=\"lazy\" decoding=\"async\" width=\"683\" height=\"1024\" src=\"https:\/\/illumina-weddings.com\/wp-content\/uploads\/2024\/10\/Heiraten-am-See-683x1024.webp\" class=\"attachment-large size-large wp-image-4823\" alt=\"Die Braut im wei\u00dfen Kleid sitzt an einem eleganten Hochzeitstisch im Freien mit Kronleuchtern und Blumendekor, inspiriert vom romantischen Charme Apuliens.\" srcset=\"https:\/\/illumina-weddings.com\/wp-content\/uploads\/2024\/10\/Heiraten-am-See-683x1024.webp 683w, https:\/\/illumina-weddings.com\/wp-content\/uploads\/2024\/10\/Heiraten-am-See-200x300.webp 200w, https:\/\/illumina-weddings.com\/wp-content\/uploads\/2024\/10\/Heiraten-am-See-768x1152.webp 768w, https:\/\/illumina-weddings.com\/wp-content\/uploads\/2024\/10\/Heiraten-am-See-8x12.webp 8w, https:\/\/illumina-weddings.com\/wp-content\/uploads\/2024\/10\/Heiraten-am-See.webp 1024w\" sizes=\"(max-width: 683px) 100vw, 683px\" \/>\t\t\t\t\t\t\t\t\t\t\t\t\t\t\t<\/div>\n\t\t\t\t<\/div>\n\t\t\t\t<\/div>\n\t\t\t\t\t<\/div>\n\t\t\t\t<\/div>\n\t\t<div class=\"elementor-element elementor-element-f1fbac8 e-flex e-con-boxed e-con e-parent\" data-id=\"f1fbac8\" data-element_type=\"container\" data-e-type=\"container\">\n\t\t\t\t\t<div class=\"e-con-inner\">\n\t\t<div class=\"elementor-element elementor-element-0d0f43c e-con-full e-flex e-con e-child\" data-id=\"0d0f43c\" data-element_type=\"container\" data-e-type=\"container\">\n\t\t\t\t<div class=\"elementor-element elementor-element-ee04f42 elementor-widget elementor-widget-image\" data-id=\"ee04f42\" data-element_type=\"widget\" data-e-type=\"widget\" data-widget_type=\"image.default\">\n\t\t\t\t<div class=\"elementor-widget-container\">\n\t\t\t\t\t\t\t\t\t\t\t\t\t\t\t<img loading=\"lazy\" decoding=\"async\" width=\"683\" height=\"1024\" src=\"https:\/\/illumina-weddings.com\/wp-content\/uploads\/2024\/10\/Italien_Hochzeit-1-683x1024.webp\" class=\"attachment-large size-large wp-image-4840\" alt=\"Braut und Br\u00e4utigam sitzen gemeinsam im Freien an einem langen, eleganten Tisch und einem Kristalll\u00fcster und schaffen so den perfekten Rahmen f\u00fcr eine von Hochzeitsplaner Julia Wei\u00df fachm\u00e4nnisch gestaltete Destination Wedding.\" srcset=\"https:\/\/illumina-weddings.com\/wp-content\/uploads\/2024\/10\/Italien_Hochzeit-1-683x1024.webp 683w, https:\/\/illumina-weddings.com\/wp-content\/uploads\/2024\/10\/Italien_Hochzeit-1-200x300.webp 200w, https:\/\/illumina-weddings.com\/wp-content\/uploads\/2024\/10\/Italien_Hochzeit-1-768x1152.webp 768w, https:\/\/illumina-weddings.com\/wp-content\/uploads\/2024\/10\/Italien_Hochzeit-1-8x12.webp 8w, https:\/\/illumina-weddings.com\/wp-content\/uploads\/2024\/10\/Italien_Hochzeit-1.webp 1024w\" sizes=\"(max-width: 683px) 100vw, 683px\" \/>\t\t\t\t\t\t\t\t\t\t\t\t\t\t\t<\/div>\n\t\t\t\t<\/div>\n\t\t\t\t<\/div>\n\t\t<div class=\"elementor-element elementor-element-118d9be e-con-full e-flex e-con e-child\" data-id=\"118d9be\" data-element_type=\"container\" data-e-type=\"container\">\n\t\t\t\t<div class=\"elementor-element elementor-element-14d45bd elementor-widget elementor-widget-image\" data-id=\"14d45bd\" data-element_type=\"widget\" data-e-type=\"widget\" data-widget_type=\"image.default\">\n\t\t\t\t<div class=\"elementor-widget-container\">\n\t\t\t\t\t\t\t\t\t\t\t\t\t\t\t<img loading=\"lazy\" decoding=\"async\" width=\"683\" height=\"1024\" src=\"https:\/\/illumina-weddings.com\/wp-content\/uploads\/2024\/10\/Hochzeit-Gardasee-1-683x1024.webp\" class=\"attachment-large size-large wp-image-4842\" alt=\"Ein Mann im Anzug schenkt Champagner in Gl\u00e4ser ein, w\u00e4hrend eine Frau in einem wei\u00dfen Hochzeitskleid im Freien ihren besonderen Tag in der bezaubernden Region Apulien, Italien, feiert.\" srcset=\"https:\/\/illumina-weddings.com\/wp-content\/uploads\/2024\/10\/Hochzeit-Gardasee-1-683x1024.webp 683w, https:\/\/illumina-weddings.com\/wp-content\/uploads\/2024\/10\/Hochzeit-Gardasee-1-200x300.webp 200w, https:\/\/illumina-weddings.com\/wp-content\/uploads\/2024\/10\/Hochzeit-Gardasee-1-768x1152.webp 768w, https:\/\/illumina-weddings.com\/wp-content\/uploads\/2024\/10\/Hochzeit-Gardasee-1-8x12.webp 8w, https:\/\/illumina-weddings.com\/wp-content\/uploads\/2024\/10\/Hochzeit-Gardasee-1.webp 1024w\" sizes=\"(max-width: 683px) 100vw, 683px\" \/>\t\t\t\t\t\t\t\t\t\t\t\t\t\t\t<\/div>\n\t\t\t\t<\/div>\n\t\t\t\t<\/div>\n\t\t\t\t\t<\/div>\n\t\t\t\t<\/div>\n\t\t\t\t<\/div>","protected":false},"excerpt":{"rendered":"<p>Julia &amp; Lars Fotos: Kenan Egin<\/p>","protected":false},"author":1,"featured_media":0,"parent":0,"menu_order":0,"comment_status":"closed","ping_status":"closed","template":"elementor_header_footer","meta":{"footnotes":""},"class_list":["post-5275","page","type-page","status-publish","hentry"],"_links":{"self":[{"href":"https:\/\/illumina-weddings.com\/en\/wp-json\/wp\/v2\/pages\/5275","targetHints":{"allow":["GET"]}}],"collection":[{"href":"https:\/\/illumina-weddings.com\/en\/wp-json\/wp\/v2\/pages"}],"about":[{"href":"https:\/\/illumina-weddings.com\/en\/wp-json\/wp\/v2\/types\/page"}],"author":[{"embeddable":true,"href":"https:\/\/illumina-weddings.com\/en\/wp-json\/wp\/v2\/users\/1"}],"replies":[{"embeddable":true,"href":"https:\/\/illumina-weddings.com\/en\/wp-json\/wp\/v2\/comments?post=5275"}],"version-history":[{"count":7,"href":"https:\/\/illumina-weddings.com\/en\/wp-json\/wp\/v2\/pages\/5275\/revisions"}],"predecessor-version":[{"id":5282,"href":"https:\/\/illumina-weddings.com\/en\/wp-json\/wp\/v2\/pages\/5275\/revisions\/5282"}],"wp:attachment":[{"href":"https:\/\/illumina-weddings.com\/en\/wp-json\/wp\/v2\/media?parent=5275"}],"curies":[{"name":"wp","href":"https:\/\/api.w.org\/{rel}","templated":true}]}}